{"id":238,"date":"2025-03-20T12:59:27","date_gmt":"2025-03-20T11:59:27","guid":{"rendered":"https:\/\/ithack.fr\/?page_id=238"},"modified":"2026-02-17T16:02:51","modified_gmt":"2026-02-17T15:02:51","slug":"le-grand-concours","status":"publish","type":"page","link":"https:\/\/ithack.fr\/index.php\/le-grand-concours\/","title":{"rendered":"Le Grand Concours"},"content":{"rendered":"\n<p><strong>Le Grand Concours a enfin trouv\u00e9 sa date officielle <\/strong><br>Mercredi 1er avril 2026 &#8211; Rue Titon (c&rsquo;est pas une blague ok ?)<br>17h30 &#8211; 20h30<\/p>\n\n\n\n<div id=\"wp-block-themeisle-blocks-countdown-b49b09e8\" data-date=\"2026-04-01T17:30:00\" class=\"wp-block-themeisle-blocks-countdown\"><div class=\"otter-countdown__container\"><div class=\"otter-countdown__display\"><div name=\"day\" class=\"otter-countdown__display-area is-main-component\"><div class=\"otter-countdown__value\">0<\/div><div class=\"otter-countdown__label\">Day<\/div><\/div><div name=\"hour\" class=\"otter-countdown__display-area is-main-component\"><div class=\"otter-countdown__value\">0<\/div><div class=\"otter-countdown__label\">Hour<\/div><\/div><div name=\"minute\" class=\"otter-countdown__display-area is-main-component\"><div class=\"otter-countdown__value\">0<\/div><div class=\"otter-countdown__label\">Minute<\/div><\/div><\/div><\/div><\/div>\n\n\n\n<p>L&rsquo;\u00e9quipe d&rsquo;ITHACK pr\u00e9pare cette \u00e9preuve avec une intensit\u00e9 folle. <br>\u00c0 tr\u00e8s vite pour une invitation dans vos agendas<\/p>\n\n\n\n<figure class=\"wp-block-image size-large\"><img loading=\"lazy\" decoding=\"async\" width=\"1024\" height=\"380\" src=\"https:\/\/ithack.fr\/wp-content\/uploads\/2026\/02\/Capture-decran-2026-02-17-a-14.38.44-1024x380.png\" alt=\"\" class=\"wp-image-272\" srcset=\"https:\/\/ithack.fr\/wp-content\/uploads\/2026\/02\/Capture-decran-2026-02-17-a-14.38.44-1024x380.png 1024w, https:\/\/ithack.fr\/wp-content\/uploads\/2026\/02\/Capture-decran-2026-02-17-a-14.38.44-300x111.png 300w, https:\/\/ithack.fr\/wp-content\/uploads\/2026\/02\/Capture-decran-2026-02-17-a-14.38.44-768x285.png 768w, https:\/\/ithack.fr\/wp-content\/uploads\/2026\/02\/Capture-decran-2026-02-17-a-14.38.44-1536x570.png 1536w, https:\/\/ithack.fr\/wp-content\/uploads\/2026\/02\/Capture-decran-2026-02-17-a-14.38.44-2048x761.png 2048w\" sizes=\"auto, (max-width: 1024px) 100vw, 1024px\" \/><\/figure>\n\n\n\n<figure class=\"wp-block-pullquote\"><blockquote><p>\u00ab\u00a0&#8230;Il y aura toujours dans la foule un cr\u00e9tin qui, sous pr\u00e9texte qu&rsquo;il ne comprend pas, d\u00e9cr\u00e9tera qu&rsquo;il n&rsquo;y a rien \u00e0 comprendre&#8230;\u00a0\u00bb<\/p><cite>Am\u00e9lie nothomb<\/cite><\/blockquote><\/figure>\n","protected":false},"excerpt":{"rendered":"<p>Le Grand Concours a enfin trouv\u00e9 sa date officielle Mercredi 1er avril 2026 &#8211; Rue Titon (c&rsquo;est pas une blague ok ?)17h30 &#8211; 20h30 L&rsquo;\u00e9quipe d&rsquo;ITHACK pr\u00e9pare cette \u00e9preuve avec une intensit\u00e9 folle. \u00c0 tr\u00e8s vite pour une invitation dans vos agendas \u00ab\u00a0&#8230;Il y aura toujours dans la foule un cr\u00e9tin qui, sous pr\u00e9texte qu&rsquo;il [&hellip;]<\/p>\n","protected":false},"author":1,"featured_media":0,"parent":0,"menu_order":0,"comment_status":"closed","ping_status":"closed","template":"","meta":{"_themeisle_gutenberg_block_has_review":false,"footnotes":""},"class_list":["post-238","page","type-page","status-publish","hentry"],"_links":{"self":[{"href":"https:\/\/ithack.fr\/index.php\/wp-json\/wp\/v2\/pages\/238","targetHints":{"allow":["GET"]}}],"collection":[{"href":"https:\/\/ithack.fr\/index.php\/wp-json\/wp\/v2\/pages"}],"about":[{"href":"https:\/\/ithack.fr\/index.php\/wp-json\/wp\/v2\/types\/page"}],"author":[{"embeddable":true,"href":"https:\/\/ithack.fr\/index.php\/wp-json\/wp\/v2\/users\/1"}],"replies":[{"embeddable":true,"href":"https:\/\/ithack.fr\/index.php\/wp-json\/wp\/v2\/comments?post=238"}],"version-history":[{"count":11,"href":"https:\/\/ithack.fr\/index.php\/wp-json\/wp\/v2\/pages\/238\/revisions"}],"predecessor-version":[{"id":299,"href":"https:\/\/ithack.fr\/index.php\/wp-json\/wp\/v2\/pages\/238\/revisions\/299"}],"wp:attachment":[{"href":"https:\/\/ithack.fr\/index.php\/wp-json\/wp\/v2\/media?parent=238"}],"curies":[{"name":"wp","href":"https:\/\/api.w.org\/{rel}","templated":true}]}}