{"id":181,"date":"2025-03-10T14:40:53","date_gmt":"2025-03-10T13:40:53","guid":{"rendered":"https:\/\/ithack.fr\/?page_id=181"},"modified":"2026-02-17T14:43:33","modified_gmt":"2026-02-17T13:43:33","slug":"qui-sommes-nous","status":"publish","type":"page","link":"https:\/\/ithack.fr\/index.php\/qui-sommes-nous\/","title":{"rendered":"Qui sommes-nous ?"},"content":{"rendered":"\n<div class=\"wp-block-media-text is-stacked-on-mobile\" style=\"grid-template-columns:42% auto\"><figure class=\"wp-block-media-text__media\"><img loading=\"lazy\" decoding=\"async\" width=\"1024\" height=\"1024\" src=\"https:\/\/ithack.fr\/wp-content\/uploads\/2025\/03\/ouididier_a_painting_from_the_french_revolution_with_a_man_faci_5d2fefab-5bce-4c23-a7da-ed0178c42deb-1024x1024.png\" alt=\"\" class=\"wp-image-183 size-full\" srcset=\"https:\/\/ithack.fr\/wp-content\/uploads\/2025\/03\/ouididier_a_painting_from_the_french_revolution_with_a_man_faci_5d2fefab-5bce-4c23-a7da-ed0178c42deb-1024x1024.png 1024w, https:\/\/ithack.fr\/wp-content\/uploads\/2025\/03\/ouididier_a_painting_from_the_french_revolution_with_a_man_faci_5d2fefab-5bce-4c23-a7da-ed0178c42deb-300x300.png 300w, https:\/\/ithack.fr\/wp-content\/uploads\/2025\/03\/ouididier_a_painting_from_the_french_revolution_with_a_man_faci_5d2fefab-5bce-4c23-a7da-ed0178c42deb-150x150.png 150w, https:\/\/ithack.fr\/wp-content\/uploads\/2025\/03\/ouididier_a_painting_from_the_french_revolution_with_a_man_faci_5d2fefab-5bce-4c23-a7da-ed0178c42deb-768x768.png 768w, https:\/\/ithack.fr\/wp-content\/uploads\/2025\/03\/ouididier_a_painting_from_the_french_revolution_with_a_man_faci_5d2fefab-5bce-4c23-a7da-ed0178c42deb-1536x1536.png 1536w, https:\/\/ithack.fr\/wp-content\/uploads\/2025\/03\/ouididier_a_painting_from_the_french_revolution_with_a_man_faci_5d2fefab-5bce-4c23-a7da-ed0178c42deb.png 2048w\" sizes=\"auto, (max-width: 1024px) 100vw, 1024px\" \/><\/figure><div class=\"wp-block-media-text__content\">\n<p>L&rsquo;histoire d&rsquo;Ithack d\u00e9bute dans les ann\u00e9es 1789, avec la prise de la Bastille par Th\u00e9ophile MENELAS. C&rsquo;est \u00e0 cet instant pr\u00e9cis que l&rsquo;id\u00e9e lui vient de cr\u00e9er la premi\u00e8re agence de conseil au monde. Mu\u00e9 par le chaos ambiant et la fr\u00e9n\u00e9sie g\u00e9n\u00e9rale, une vision lui est apparue. Comme une \u00e9vidence qu&rsquo;on ne peut plus taire : le peuple a besoin d&rsquo;\u00eatre guid\u00e9.<\/p>\n<\/div><\/div>\n\n\n\n<p>Il commencera par les boulangeries, premiers commerces \u00e0 proposer l&rsquo;arrondi au profit des plus d\u00e9munis d\u00e8s 1790. Une id\u00e9e de Th\u00e9ophile. Un concept ITHACK.<br>Puis, tr\u00e8s rapidement, Th\u00e9ophile meurt. Mais son d\u00e9c\u00e8s n&rsquo;a \u00e9t\u00e9 rien d&rsquo;autre qu&rsquo;une opportunit\u00e9 pour ITHACK. <\/p>\n\n\n\n<p>La suite appartient \u00e0 l&rsquo;Histoire avec une grande hache. ITHACK survit aux guerres, aux escarmouches, aux conflits, aux catastrophes naturelles, \u00e0 l&rsquo;Ordre du Temple Solaire et aux plateaux de t\u00e9l\u00e9vision. Dans la violence, surtout pour les plateaux de t\u00e9l\u00e9vision. Le monde est cruel.<\/p>\n\n\n\n<p>En 2025, Ithack prosp\u00e8re comme jaja. Dirig\u00e9e par une main de fer dans un gant de velour par Fema GIROLLI, l&rsquo;agence compte plus de 300 clients r\u00e9partis dans un pays (la France).<\/p>\n\n\n\n<div id=\"wp-block-themeisle-blocks-timeline-16ff5246\" class=\"wp-block-themeisle-blocks-timeline\"><div class=\"o-timeline-root\">\n<div id=\"wp-block-themeisle-blocks-timeline-item-c98eb9ed\" class=\"wp-block-themeisle-blocks-timeline-item\"><div class=\"o-timeline-container\"><div class=\"o-timeline-icon\"><i class=\"fas fa-circle\"><\/i><\/div><div class=\"o-timeline-content\">\n<p class=\"has-small-font-size\">1789<\/p>\n\n\n\n<h3 class=\"wp-block-heading\">Prise de la Bastille<\/h3>\n\n\n\n<p>Th\u00e9ophile MENELAS est frapp\u00e9 d&rsquo;une vision ; Ithack est cr\u00e9\u00e9. Les boulangeries sont profond\u00e9ment transform\u00e9es.<\/p>\n<\/div><\/div><\/div>\n\n\n\n<div id=\"wp-block-themeisle-blocks-timeline-item-6a825219\" class=\"wp-block-themeisle-blocks-timeline-item\"><div class=\"o-timeline-container\"><div class=\"o-timeline-icon\"><i class=\"fas fa-circle\"><\/i><\/div><div class=\"o-timeline-content\">\n<p class=\"has-small-font-size\">1791<\/p>\n\n\n\n<h3 class=\"wp-block-heading\">Ithack Conseil 2.0<\/h3>\n\n\n\n<p>Trois femmes font \u00e9voluer le mod\u00e8le vers quelque chose d&rsquo;un peu mieux.<\/p>\n<\/div><\/div><\/div>\n\n\n\n<div id=\"wp-block-themeisle-blocks-timeline-item-fee43229\" class=\"wp-block-themeisle-blocks-timeline-item\"><div class=\"o-timeline-container\"><div class=\"o-timeline-icon\"><i class=\"fas fa-circle\"><\/i><\/div><div class=\"o-timeline-content\">\n<p class=\"has-small-font-size\">1999<\/p>\n\n\n\n<h3 class=\"wp-block-heading\">Vers l&rsquo;impact positif<\/h3>\n\n\n\n<p>Ithack obtient sa premi\u00e8re certification B Corp.  <br>C&rsquo;est dingue.<\/p>\n<\/div><\/div><\/div>\n\n\n\n<div id=\"wp-block-themeisle-blocks-timeline-item-0e2a8f28\" class=\"wp-block-themeisle-blocks-timeline-item\"><div class=\"o-timeline-container\"><div class=\"o-timeline-icon\"><i class=\"fas fa-circle\"><\/i><\/div><div class=\"o-timeline-content\">\n<p class=\"has-small-font-size\">Janvier 2025<\/p>\n\n\n\n<h3 class=\"wp-block-heading\">Nouvelle direction<\/h3>\n\n\n\n<p>Fema GIROLLI prend ses fonctions en tant que Pr\u00e9sidente d&rsquo;Ithack Conseil et annonce une campagne massive de recrutement pour remplacer tous les nullards du service Innovation.<\/p>\n<\/div><\/div><\/div>\n\n\n\n<div id=\"wp-block-themeisle-blocks-timeline-item-d12f61b7\" class=\"wp-block-themeisle-blocks-timeline-item\"><div class=\"o-timeline-container\"><div class=\"o-timeline-icon\"><i class=\"fas fa-circle\"><\/i><\/div><div class=\"o-timeline-content\">\n<p class=\"has-small-font-size\">29 avril 2026<\/p>\n\n\n\n<h3 class=\"wp-block-heading\">Lancement du Grand Concours <\/h3>\n\n\n\n<p>Recrutement des hauts potentiels \u00e0 l&rsquo;issue d&rsquo;un concours d&rsquo;innovation de rupture.<\/p>\n<\/div><\/div><\/div>\n<\/div><\/div>\n\n\n\n<figure class=\"wp-block-pullquote\"><blockquote><p>\u00ab\u00a0&#8230; Je me souviens d&rsquo;une dame qui m&rsquo;a dit : <em>&lsquo;Je suis heureuse de vous voir parce que vous rentrez tellement bien dans ma maison !&rsquo;<\/em>&nbsp;J&rsquo;ai trouv\u00e9 cette phrase absolument magnifique &#8230;\u00a0\u00bb<\/p><cite>marie-ange nardi<\/cite><\/blockquote><\/figure>\n","protected":false},"excerpt":{"rendered":"<p>L&rsquo;histoire d&rsquo;Ithack d\u00e9bute dans les ann\u00e9es 1789, avec la prise de la Bastille par Th\u00e9ophile MENELAS. C&rsquo;est \u00e0 cet instant pr\u00e9cis que l&rsquo;id\u00e9e lui vient de cr\u00e9er la premi\u00e8re agence de conseil au monde. Mu\u00e9 par le chaos ambiant et la fr\u00e9n\u00e9sie g\u00e9n\u00e9rale, une vision lui est apparue. Comme une \u00e9vidence qu&rsquo;on ne peut plus [&hellip;]<\/p>\n","protected":false},"author":1,"featured_media":0,"parent":0,"menu_order":0,"comment_status":"closed","ping_status":"closed","template":"","meta":{"_themeisle_gutenberg_block_has_review":false,"footnotes":""},"class_list":["post-181","page","type-page","status-publish","hentry"],"_links":{"self":[{"href":"https:\/\/ithack.fr\/index.php\/wp-json\/wp\/v2\/pages\/181","targetHints":{"allow":["GET"]}}],"collection":[{"href":"https:\/\/ithack.fr\/index.php\/wp-json\/wp\/v2\/pages"}],"about":[{"href":"https:\/\/ithack.fr\/index.php\/wp-json\/wp\/v2\/types\/page"}],"author":[{"embeddable":true,"href":"https:\/\/ithack.fr\/index.php\/wp-json\/wp\/v2\/users\/1"}],"replies":[{"embeddable":true,"href":"https:\/\/ithack.fr\/index.php\/wp-json\/wp\/v2\/comments?post=181"}],"version-history":[{"count":7,"href":"https:\/\/ithack.fr\/index.php\/wp-json\/wp\/v2\/pages\/181\/revisions"}],"predecessor-version":[{"id":276,"href":"https:\/\/ithack.fr\/index.php\/wp-json\/wp\/v2\/pages\/181\/revisions\/276"}],"wp:attachment":[{"href":"https:\/\/ithack.fr\/index.php\/wp-json\/wp\/v2\/media?parent=181"}],"curies":[{"name":"wp","href":"https:\/\/api.w.org\/{rel}","templated":true}]}}