{"id":177,"date":"2025-03-10T14:40:40","date_gmt":"2025-03-10T13:40:40","guid":{"rendered":"https:\/\/ithack.fr\/?page_id=177"},"modified":"2025-03-20T13:09:42","modified_gmt":"2025-03-20T12:09:42","slug":"notre-approche","status":"publish","type":"page","link":"https:\/\/ithack.fr\/index.php\/notre-approche\/","title":{"rendered":"Notre approche"},"content":{"rendered":"\n<div class=\"wp-block-group alignfull is-layout-flow wp-container-core-group-is-layout-10d01144 wp-block-group-is-layout-flow\" style=\"margin-top:0px;margin-bottom:0px;padding-top:0px;padding-right:0px;padding-bottom:0px;padding-left:0px\">\n<div class=\"wp-block-columns are-vertically-aligned-center is-layout-flex wp-container-core-columns-is-layout-d2ca7aa4 wp-block-columns-is-layout-flex\">\n<div class=\"wp-block-column is-vertically-aligned-center is-layout-flow wp-block-column-is-layout-flow\" style=\"padding-top:32px;padding-right:32px;padding-bottom:32px;padding-left:32px\">\n<div class=\"wp-block-group is-layout-constrained wp-container-core-group-is-layout-6d6486c8 wp-block-group-is-layout-constrained\">\n<h2 class=\"wp-block-heading\">Une m\u00e9thodologie d\u00e9pos\u00e9e <\/h2>\n\n\n\n<p>EOLE\u00a9 est une approche propri\u00e9taire qui a fait ses preuves \u00e0 pr\u00e8s de trois reprises d\u00e9j\u00e0. C&rsquo;est \u00e9norme. <br>Tout comme l&rsquo;esp\u00e8ce humaine, elle n&rsquo;est pas infaillible mais elle tient debout et ne tol\u00e8re pas l&rsquo;incertitude. <\/p>\n\n\n\n<p><br>EOLE\u00a9 c&rsquo;est de l&rsquo;exploration. <br>EOLE\u00a9 c&rsquo;est une opportunit\u00e9.<br>EOLE\u00a9 c&rsquo;est le lien.<br>EOLE\u00a9 c&rsquo;est l&rsquo;envie.<\/p>\n<\/div>\n<\/div>\n\n\n\n<div class=\"wp-block-column is-vertically-aligned-center has-raft-bg-alt-background-color has-background is-layout-flow wp-block-column-is-layout-flow\" style=\"padding-top:32px;padding-right:32px;padding-bottom:32px;padding-left:32px\">\n<figure class=\"wp-block-image aligncenter size-full\"><img loading=\"lazy\" decoding=\"async\" width=\"2500\" height=\"1667\" src=\"https:\/\/ithack.fr\/wp-content\/uploads\/2025\/03\/gratisography-retro-pastime-free-stock-photo.jpg\" alt=\"\" class=\"wp-image-247\" srcset=\"https:\/\/ithack.fr\/wp-content\/uploads\/2025\/03\/gratisography-retro-pastime-free-stock-photo.jpg 2500w, https:\/\/ithack.fr\/wp-content\/uploads\/2025\/03\/gratisography-retro-pastime-free-stock-photo-300x200.jpg 300w, https:\/\/ithack.fr\/wp-content\/uploads\/2025\/03\/gratisography-retro-pastime-free-stock-photo-1024x683.jpg 1024w, https:\/\/ithack.fr\/wp-content\/uploads\/2025\/03\/gratisography-retro-pastime-free-stock-photo-768x512.jpg 768w, https:\/\/ithack.fr\/wp-content\/uploads\/2025\/03\/gratisography-retro-pastime-free-stock-photo-1536x1024.jpg 1536w, https:\/\/ithack.fr\/wp-content\/uploads\/2025\/03\/gratisography-retro-pastime-free-stock-photo-2048x1366.jpg 2048w\" sizes=\"auto, (max-width: 2500px) 100vw, 2500px\" \/><\/figure>\n<\/div>\n<\/div>\n\n\n\n<div class=\"wp-block-columns are-vertically-aligned-center is-layout-flex wp-container-core-columns-is-layout-d2ca7aa4 wp-block-columns-is-layout-flex\">\n<div class=\"wp-block-column is-vertically-aligned-center has-raft-bg-alt-background-color has-background is-layout-flow wp-block-column-is-layout-flow\" style=\"padding-top:32px;padding-right:32px;padding-bottom:32px;padding-left:32px\">\n<figure class=\"wp-block-image aligncenter size-full\"><img loading=\"lazy\" decoding=\"async\" width=\"2560\" height=\"1709\" src=\"https:\/\/ithack.fr\/wp-content\/uploads\/2025\/03\/gratisography-10-muscle-abs-free-stock-photo-1-scaled.jpg\" alt=\"\" class=\"wp-image-251\" srcset=\"https:\/\/ithack.fr\/wp-content\/uploads\/2025\/03\/gratisography-10-muscle-abs-free-stock-photo-1-scaled.jpg 2560w, https:\/\/ithack.fr\/wp-content\/uploads\/2025\/03\/gratisography-10-muscle-abs-free-stock-photo-1-300x200.jpg 300w, https:\/\/ithack.fr\/wp-content\/uploads\/2025\/03\/gratisography-10-muscle-abs-free-stock-photo-1-1024x684.jpg 1024w, https:\/\/ithack.fr\/wp-content\/uploads\/2025\/03\/gratisography-10-muscle-abs-free-stock-photo-1-768x513.jpg 768w, https:\/\/ithack.fr\/wp-content\/uploads\/2025\/03\/gratisography-10-muscle-abs-free-stock-photo-1-1536x1025.jpg 1536w, https:\/\/ithack.fr\/wp-content\/uploads\/2025\/03\/gratisography-10-muscle-abs-free-stock-photo-1-2048x1367.jpg 2048w\" sizes=\"auto, (max-width: 2560px) 100vw, 2560px\" \/><\/figure>\n<\/div>\n\n\n\n<div class=\"wp-block-column is-vertically-aligned-center is-layout-flow wp-block-column-is-layout-flow\" style=\"padding-top:32px;padding-right:32px;padding-bottom:32px;padding-left:32px\">\n<div class=\"wp-block-group is-layout-constrained wp-container-core-group-is-layout-6d6486c8 wp-block-group-is-layout-constrained\">\n<h2 class=\"wp-block-heading\">D\u00e9passer les limites limitantes<\/h2>\n\n\n\n<p>Parce que la somme des individus fait bien plus que les individus additionn\u00e9s les uns aux autres. 1+1 = 2.109.345 possibilit\u00e9s. <br>Chez Ithack, nous sommes l\u00e0 pour mettre en lumi\u00e8re les possibles impossibles. Il suffit de quelques heures \u00e0 nos c\u00f4t\u00e9s et d&rsquo;un abonnement mensuel au programme EOLE\u00a9 pour transformer vos imaginaires en v\u00e9ritables oeuvres d&rsquo;art business. <\/p>\n\n\n\n<p>Changer le monde est une chose. Le rendre meilleur en est une autre. Nous ne faisons ni l&rsquo;un ni l&rsquo;autre, nous faisons mieux. <br>Et qui est capable de mieux est capable de peu. <br>Alors ensemble, faisons peu.<\/p>\n<\/div>\n<\/div>\n<\/div>\n<\/div>\n\n\n\n<div class=\"wp-block-group alignfull is-layout-flow wp-container-core-group-is-layout-10d01144 wp-block-group-is-layout-flow\" style=\"margin-top:0px;margin-bottom:0px;padding-top:0px;padding-right:0px;padding-bottom:0px;padding-left:0px\">\n<div class=\"wp-block-columns are-vertically-aligned-center is-layout-flex wp-container-core-columns-is-layout-d2ca7aa4 wp-block-columns-is-layout-flex\">\n<div class=\"wp-block-column is-vertically-aligned-center is-layout-flow wp-block-column-is-layout-flow\" style=\"padding-top:32px;padding-right:32px;padding-bottom:32px;padding-left:32px\">\n<div class=\"wp-block-group is-layout-constrained wp-container-core-group-is-layout-6d6486c8 wp-block-group-is-layout-constrained\">\n<h2 class=\"wp-block-heading\">La crois\u00e9e des fronts<\/h2>\n\n\n\n<p>Ithack aide \u00e0 r\u00e9v\u00e9ler l&rsquo;intelligence qui se cache derri\u00e8re chaque front. C&rsquo;est un coup de boule malin qui a le pouvoir de bousculer demain. <br>Nos expert\u00b7es (ODS, CNE &amp; CSI) ne savent pas toujours ce qu&rsquo;iels font, mais c&rsquo;est leur passion de la transformation responsable, \u00e9thique, \u00e9quitable, innovante et performante qui en font une source d&rsquo;impact in\u00e9puisable.<\/p>\n<\/div>\n<\/div>\n\n\n\n<div class=\"wp-block-column is-vertically-aligned-center has-raft-bg-alt-background-color has-background is-layout-flow wp-block-column-is-layout-flow\" style=\"padding-top:32px;padding-right:32px;padding-bottom:32px;padding-left:32px\">\n<figure class=\"wp-block-image aligncenter size-full\"><img loading=\"lazy\" decoding=\"async\" width=\"2500\" height=\"1667\" src=\"https:\/\/ithack.fr\/wp-content\/uploads\/2025\/03\/gratisography-strange-world-free-stock-photo.jpg\" alt=\"\" class=\"wp-image-249\" srcset=\"https:\/\/ithack.fr\/wp-content\/uploads\/2025\/03\/gratisography-strange-world-free-stock-photo.jpg 2500w, https:\/\/ithack.fr\/wp-content\/uploads\/2025\/03\/gratisography-strange-world-free-stock-photo-300x200.jpg 300w, https:\/\/ithack.fr\/wp-content\/uploads\/2025\/03\/gratisography-strange-world-free-stock-photo-1024x683.jpg 1024w, https:\/\/ithack.fr\/wp-content\/uploads\/2025\/03\/gratisography-strange-world-free-stock-photo-768x512.jpg 768w, https:\/\/ithack.fr\/wp-content\/uploads\/2025\/03\/gratisography-strange-world-free-stock-photo-1536x1024.jpg 1536w, https:\/\/ithack.fr\/wp-content\/uploads\/2025\/03\/gratisography-strange-world-free-stock-photo-2048x1366.jpg 2048w\" sizes=\"auto, (max-width: 2500px) 100vw, 2500px\" \/><\/figure>\n<\/div>\n<\/div>\n<\/div>\n\n\n\n<figure class=\"wp-block-pullquote\"><blockquote><p>\u00ab\u00a0&#8230;You always have to believe in yourself, and I had that from karting&#8230;\u00a0\u00bb<\/p><cite>Max verstappen<\/cite><\/blockquote><\/figure>\n","protected":false},"excerpt":{"rendered":"<p>Une m\u00e9thodologie d\u00e9pos\u00e9e EOLE\u00a9 est une approche propri\u00e9taire qui a fait ses preuves \u00e0 pr\u00e8s de trois reprises d\u00e9j\u00e0. C&rsquo;est \u00e9norme. Tout comme l&rsquo;esp\u00e8ce humaine, elle n&rsquo;est pas infaillible mais elle tient debout et ne tol\u00e8re pas l&rsquo;incertitude. EOLE\u00a9 c&rsquo;est de l&rsquo;exploration. EOLE\u00a9 c&rsquo;est une opportunit\u00e9.EOLE\u00a9 c&rsquo;est le lien.EOLE\u00a9 c&rsquo;est l&rsquo;envie. D\u00e9passer les limites limitantes [&hellip;]<\/p>\n","protected":false},"author":1,"featured_media":0,"parent":0,"menu_order":0,"comment_status":"closed","ping_status":"closed","template":"","meta":{"_themeisle_gutenberg_block_has_review":false,"footnotes":""},"class_list":["post-177","page","type-page","status-publish","hentry"],"_links":{"self":[{"href":"https:\/\/ithack.fr\/index.php\/wp-json\/wp\/v2\/pages\/177","targetHints":{"allow":["GET"]}}],"collection":[{"href":"https:\/\/ithack.fr\/index.php\/wp-json\/wp\/v2\/pages"}],"about":[{"href":"https:\/\/ithack.fr\/index.php\/wp-json\/wp\/v2\/types\/page"}],"author":[{"embeddable":true,"href":"https:\/\/ithack.fr\/index.php\/wp-json\/wp\/v2\/users\/1"}],"replies":[{"embeddable":true,"href":"https:\/\/ithack.fr\/index.php\/wp-json\/wp\/v2\/comments?post=177"}],"version-history":[{"count":5,"href":"https:\/\/ithack.fr\/index.php\/wp-json\/wp\/v2\/pages\/177\/revisions"}],"predecessor-version":[{"id":252,"href":"https:\/\/ithack.fr\/index.php\/wp-json\/wp\/v2\/pages\/177\/revisions\/252"}],"wp:attachment":[{"href":"https:\/\/ithack.fr\/index.php\/wp-json\/wp\/v2\/media?parent=177"}],"curies":[{"name":"wp","href":"https:\/\/api.w.org\/{rel}","templated":true}]}}