{"id":157,"date":"2025-03-10T14:40:17","date_gmt":"2025-03-10T13:40:17","guid":{"rendered":"https:\/\/ithack.fr\/?page_id=157"},"modified":"2025-03-20T13:10:17","modified_gmt":"2025-03-20T12:10:17","slug":"nos-metiers","status":"publish","type":"page","link":"https:\/\/ithack.fr\/index.php\/nos-metiers\/","title":{"rendered":"Nos m\u00e9tiers"},"content":{"rendered":"\n<p>Notre amour de l&rsquo;impact positif au service de la performance pluridimensionnelle s&rsquo;incarne par trois expertises singuli\u00e8res. Trois regards qui, lorsqu&rsquo;ils se croisent, forment une <strong>approche propri\u00e9taire<\/strong> d&rsquo;une puissance redoutable.<\/p>\n\n\n\n<div class=\"wp-block-group alignfull has-raft-bg-background-color has-background is-layout-constrained wp-container-core-group-is-layout-b1018d00 wp-block-group-is-layout-constrained\" style=\"margin-top:0px;margin-bottom:0px;padding-top:var(--wp--preset--spacing--80);padding-right:var(--wp--preset--spacing--40);padding-bottom:var(--wp--preset--spacing--80);padding-left:var(--wp--preset--spacing--40)\">\n<div class=\"wp-block-columns alignwide is-layout-flex wp-container-core-columns-is-layout-08c01c1c wp-block-columns-is-layout-flex\">\n<div class=\"wp-block-column is-layout-flow wp-container-core-column-is-layout-119bc444 wp-block-column-is-layout-flow\">\n<figure class=\"wp-block-image size-large size-full\"><img loading=\"lazy\" decoding=\"async\" width=\"1024\" height=\"683\" src=\"https:\/\/ithack.fr\/wp-content\/uploads\/2025\/03\/gratisography-banana-salesman-free-stock-photo-1024x683.jpg\" alt=\"\" class=\"wp-image-242\" srcset=\"https:\/\/ithack.fr\/wp-content\/uploads\/2025\/03\/gratisography-banana-salesman-free-stock-photo-1024x683.jpg 1024w, https:\/\/ithack.fr\/wp-content\/uploads\/2025\/03\/gratisography-banana-salesman-free-stock-photo-300x200.jpg 300w, https:\/\/ithack.fr\/wp-content\/uploads\/2025\/03\/gratisography-banana-salesman-free-stock-photo-768x512.jpg 768w, https:\/\/ithack.fr\/wp-content\/uploads\/2025\/03\/gratisography-banana-salesman-free-stock-photo-1536x1024.jpg 1536w, https:\/\/ithack.fr\/wp-content\/uploads\/2025\/03\/gratisography-banana-salesman-free-stock-photo-2048x1365.jpg 2048w\" sizes=\"auto, (max-width: 1024px) 100vw, 1024px\" \/><\/figure>\n\n\n\n<h3 class=\"wp-block-heading\"><strong>Orchestrateur\u00b7rice de Symbioses<\/strong> (ODS)<\/h3>\n\n\n\n<p>D\u00e9velopper des \u00e9cosyst\u00e8mes collaboratifs en identifiant des synergies entre les entit\u00e9s et en maximisant la robustesse de leurs points d&rsquo;acuponcture.<\/p>\n<\/div>\n\n\n\n<div class=\"wp-block-column is-layout-flow wp-container-core-column-is-layout-119bc444 wp-block-column-is-layout-flow\">\n<figure class=\"wp-block-image size-large size-full\"><img loading=\"lazy\" decoding=\"async\" width=\"1024\" height=\"683\" src=\"https:\/\/ithack.fr\/wp-content\/uploads\/2025\/03\/gratisography-tv-head-1024x683.jpg\" alt=\"\" class=\"wp-image-243\" srcset=\"https:\/\/ithack.fr\/wp-content\/uploads\/2025\/03\/gratisography-tv-head-1024x683.jpg 1024w, https:\/\/ithack.fr\/wp-content\/uploads\/2025\/03\/gratisography-tv-head-300x200.jpg 300w, https:\/\/ithack.fr\/wp-content\/uploads\/2025\/03\/gratisography-tv-head-768x512.jpg 768w, https:\/\/ithack.fr\/wp-content\/uploads\/2025\/03\/gratisography-tv-head-1536x1024.jpg 1536w, https:\/\/ithack.fr\/wp-content\/uploads\/2025\/03\/gratisography-tv-head-2048x1365.jpg 2048w\" sizes=\"auto, (max-width: 1024px) 100vw, 1024px\" \/><\/figure>\n\n\n\n<h3 class=\"wp-block-heading\"><strong>Charg\u00e9\u00b7e de Narratif Engag\u00e9<\/strong> (CNE)<\/h3>\n\n\n\n<p>Cr\u00e9er des r\u00e9cits engageants sur l\u2019impact des organisations et des individus en combinant storytelling immersif, data projection et exp\u00e9riences sensorielles synth\u00e9tiques.<\/p>\n<\/div>\n\n\n\n<div class=\"wp-block-column is-layout-flow wp-container-core-column-is-layout-119bc444 wp-block-column-is-layout-flow\">\n<figure class=\"wp-block-image size-large is-resized size-full\"><img loading=\"lazy\" decoding=\"async\" width=\"1024\" height=\"771\" src=\"https:\/\/ithack.fr\/wp-content\/uploads\/2025\/03\/gratisography-robot-portrait-1024x771.jpg\" alt=\"\" class=\"wp-image-253\" style=\"width:267px;height:auto\" srcset=\"https:\/\/ithack.fr\/wp-content\/uploads\/2025\/03\/gratisography-robot-portrait-1024x771.jpg 1024w, https:\/\/ithack.fr\/wp-content\/uploads\/2025\/03\/gratisography-robot-portrait-300x226.jpg 300w, https:\/\/ithack.fr\/wp-content\/uploads\/2025\/03\/gratisography-robot-portrait-768x578.jpg 768w, https:\/\/ithack.fr\/wp-content\/uploads\/2025\/03\/gratisography-robot-portrait-1536x1157.jpg 1536w, https:\/\/ithack.fr\/wp-content\/uploads\/2025\/03\/gratisography-robot-portrait-2048x1543.jpg 2048w\" sizes=\"auto, (max-width: 1024px) 100vw, 1024px\" \/><\/figure>\n\n\n\n<h3 class=\"wp-block-heading\"><strong>Cartographe du Shadow-Impact (CSI)<\/strong><\/h3>\n\n\n\n<p>R\u00e9v\u00e9ler l&#8217;empreinte sociale cach\u00e9e des activit\u00e9s et traduire des comportements d\u00e9viants en quick wins sur le long terme.<\/p>\n<\/div>\n<\/div>\n<\/div>\n\n\n\n<figure class=\"wp-block-pullquote\"><blockquote><p>\u00ab\u00a0&#8230;C&rsquo;est le moment o\u00f9 vous pensez que vous ne pouvez pas, que vous pouvez&#8230;\u00a0\u00bb<\/p><cite>c\u00e9line dion<\/cite><\/blockquote><\/figure>\n","protected":false},"excerpt":{"rendered":"<p>Notre amour de l&rsquo;impact positif au service de la performance pluridimensionnelle s&rsquo;incarne par trois expertises singuli\u00e8res. Trois regards qui, lorsqu&rsquo;ils se croisent, forment une approche propri\u00e9taire d&rsquo;une puissance redoutable. Orchestrateur\u00b7rice de Symbioses (ODS) D\u00e9velopper des \u00e9cosyst\u00e8mes collaboratifs en identifiant des synergies entre les entit\u00e9s et en maximisant la robustesse de leurs points d&rsquo;acuponcture. Charg\u00e9\u00b7e de [&hellip;]<\/p>\n","protected":false},"author":1,"featured_media":0,"parent":0,"menu_order":0,"comment_status":"closed","ping_status":"closed","template":"","meta":{"_themeisle_gutenberg_block_has_review":false,"footnotes":""},"class_list":["post-157","page","type-page","status-publish","hentry"],"_links":{"self":[{"href":"https:\/\/ithack.fr\/index.php\/wp-json\/wp\/v2\/pages\/157","targetHints":{"allow":["GET"]}}],"collection":[{"href":"https:\/\/ithack.fr\/index.php\/wp-json\/wp\/v2\/pages"}],"about":[{"href":"https:\/\/ithack.fr\/index.php\/wp-json\/wp\/v2\/types\/page"}],"author":[{"embeddable":true,"href":"https:\/\/ithack.fr\/index.php\/wp-json\/wp\/v2\/users\/1"}],"replies":[{"embeddable":true,"href":"https:\/\/ithack.fr\/index.php\/wp-json\/wp\/v2\/comments?post=157"}],"version-history":[{"count":8,"href":"https:\/\/ithack.fr\/index.php\/wp-json\/wp\/v2\/pages\/157\/revisions"}],"predecessor-version":[{"id":254,"href":"https:\/\/ithack.fr\/index.php\/wp-json\/wp\/v2\/pages\/157\/revisions\/254"}],"wp:attachment":[{"href":"https:\/\/ithack.fr\/index.php\/wp-json\/wp\/v2\/media?parent=157"}],"curies":[{"name":"wp","href":"https:\/\/api.w.org\/{rel}","templated":true}]}}